{"id":8248,"date":"2023-03-16T16:34:06","date_gmt":"2023-03-16T14:34:06","guid":{"rendered":"https:\/\/beltranmenjars.cat\/contacte\/"},"modified":"2023-03-16T16:54:38","modified_gmt":"2023-03-16T14:54:38","slug":"contacte","status":"publish","type":"page","link":"https:\/\/beltranmenjars.cat\/es\/contacte\/","title":{"rendered":"Contacto"},"content":{"rendered":"<\/p>\n\n<style type=\"text\/css\" data-created_by=\"avia_inline_auto\" id=\"style-css-av-av_section-d68ea67021083dc8d95edd9f90aa065c\">\n.avia-section.av-av_section-d68ea67021083dc8d95edd9f90aa065c{\nbackground-color:#f2ede3;\nbackground-image:unset;\n}\n<\/style>\n<div id='av_section_1'  class='avia-section av-av_section-d68ea67021083dc8d95edd9f90aa065c main_color avia-section-default avia-no-shadow  avia-builder-el-0  el_before_av_one_fifth  avia-builder-el-first  avia-bg-style-scroll container_wrap sidebar_right'  ><div class='container av-section-cont-open' ><main  role=\"main\" itemprop=\"mainContentOfPage\"  class='template-page content  av-content-small alpha units'><div class='post-entry post-entry-type-page post-entry-8248'><div class='entry-content-wrapper clearfix'>\n<div  class='flex_column av-av_one_fifth-a961ec8c42a44a397321d1a2224da3ca av_one_fifth  avia-builder-el-1  el_before_av_one_third  avia-builder-el-first  first flex_column_div  '     ><\/div><div  class='flex_column av-av_one_third-e38f08a368d22f46ed35f78008f927bf av_one_third  avia-builder-el-2  el_after_av_one_fifth  el_before_av_one_third  flex_column_div  '     ><style type=\"text\/css\" data-created_by=\"avia_inline_auto\" id=\"style-css-av-av_textblock-15ff5b733eab2252aede7a4601f19099\">\n#top .av_textblock_section.av-av_textblock-15ff5b733eab2252aede7a4601f19099 .avia_textblock{\nfont-size:20px;\ncolor:#000000;\n}\n<\/style>\n<section  class='av_textblock_section av-av_textblock-15ff5b733eab2252aede7a4601f19099 '   itemscope=\"itemscope\" itemtype=\"https:\/\/schema.org\/CreativeWork\" ><div class='avia_textblock av_inherit_color'  itemprop=\"text\" ><p><strong>Contacto:<\/strong><\/p>\n<p><a href=\"mailto:info@beltranmenjars.cat\">info@beltranmenjars.cat<\/a><br \/>\nConsell de Cent, 101<br \/>\n08015 Barcelona<br \/>\nTel. <a href=\"tel:+34934248642\">(+34) 93 424 86 42<\/a><\/p>\n<\/div><\/section><\/div><div  class='flex_column av-av_one_third-e38f08a368d22f46ed35f78008f927bf av_one_third  avia-builder-el-4  el_after_av_one_third  avia-builder-el-last  flex_column_div  '     ><style type=\"text\/css\" data-created_by=\"avia_inline_auto\" id=\"style-css-av-av_textblock-15ff5b733eab2252aede7a4601f19099\">\n#top .av_textblock_section.av-av_textblock-15ff5b733eab2252aede7a4601f19099 .avia_textblock{\nfont-size:20px;\ncolor:#000000;\n}\n<\/style>\n<section  class='av_textblock_section av-av_textblock-15ff5b733eab2252aede7a4601f19099 '   itemscope=\"itemscope\" itemtype=\"https:\/\/schema.org\/CreativeWork\" ><div class='avia_textblock av_inherit_color'  itemprop=\"text\" ><p><strong>Horario de tienda:<\/strong><\/p>\n<p>Lunes-S\u00e1bado:<br \/>\n09:30 a 20:30<br \/>\nDomingo i festivos:<br \/>\n09:30 a 15:30<\/p>\n<\/div><\/section><\/div><\/div><\/div><\/main><!-- close content main element --><\/div><\/div><div id='after_section_1'  class='main_color av_default_container_wrap container_wrap sidebar_right'  ><div class='container av-section-cont-open' ><div class='template-page content  av-content-small alpha units'><div class='post-entry post-entry-type-page post-entry-8248'><div class='entry-content-wrapper clearfix'><div  class='flex_column av-av_one_fifth-516b7eac7a9c6cd1b746245801c7486c av_one_fifth  avia-builder-el-6  el_after_av_section  el_before_av_three_fifth  avia-builder-el-first  first flex_column_div  '     ><\/div><\/p>\n\n<style type=\"text\/css\" data-created_by=\"avia_inline_auto\" id=\"style-css-av-av_three_fifth-e671fab5613f317ef63eb9ab712c64a3\">\n.flex_column.av-av_three_fifth-e671fab5613f317ef63eb9ab712c64a3{\n-webkit-border-radius:0px 0px 0px 0px;\n-moz-border-radius:0px 0px 0px 0px;\nborder-radius:0px 0px 0px 0px;\npadding:0px 0px 0px 0px;\n}\n<\/style>\n<div  class='flex_column av-av_three_fifth-e671fab5613f317ef63eb9ab712c64a3 av_three_fifth  avia-builder-el-7  el_after_av_one_fifth  el_before_av_hr  flex_column_div av-zero-column-padding  '     ><form action=\"https:\/\/beltranmenjars.cat\/es\/contacte\/\" method=\"post\" data-fields-with-error=\"Found errors in the following field(s):\" class=\"avia_ajax_form av-form-labels-visible   avia-builder-el-8  avia-builder-el-no-sibling   \" data-avia-form-id=\"1\" data-avia-redirect='' ><h3 class=''>P\u00eddenos informaci\u00f3n o ll\u00e1manos al tel. 93 424 86 42<\/h3><fieldset><p class='  first_form  form_element form_fullwidth' id='element_avia_1_1'><label for=\"avia_1_1\">Nombre <abbr class=\"required\" title=\"requerido\">*<\/abbr><\/label> <input name=\"avia_1_1\" class=\"text_input is_empty\" type=\"text\" id=\"avia_1_1\" value=\"\" \/><\/p><p class='  first_form  form_element form_fullwidth' id='element_avia_2_1'><label for=\"avia_2_1\">Tel\u00e9fono <abbr class=\"required\" title=\"requerido\">*<\/abbr><\/label> <input name=\"avia_2_1\" class=\"text_input is_empty\" type=\"text\" id=\"avia_2_1\" value=\"\" \/><\/p><p class='  first_form  form_element form_fullwidth' id='element_avia_3_1'><label for=\"avia_3_1\">Correo electr\u00f3nico <abbr class=\"required\" title=\"requerido\">*<\/abbr><\/label> <input name=\"avia_3_1\" class=\"text_input is_email\" type=\"text\" id=\"avia_3_1\" value=\"\" \/><\/p><p class='  first_form  form_element form_fullwidth' id='element_avia_4_1'><label for=\"avia_4_1\">Asunto <abbr class=\"required\" title=\"requerido\">*<\/abbr><\/label> <input name=\"avia_4_1\" class=\"text_input is_empty\" type=\"text\" id=\"avia_4_1\" value=\"\" \/><\/p><p class='  first_form  form_element form_fullwidth' id='element_avia_5_1'><label for=\"avia_5_1\" class=\"textare_label hidden textare_label_avia_5_1\">Mensaje <abbr class=\"required\" title=\"requerido\">*<\/abbr><\/label><textarea  name=\"avia_5_1\" class=\"text_area is_empty\" cols=\"40\" rows=\"7\" id=\"avia_5_1\" ><\/textarea><\/p><p class='  first_form  form_element form_fullwidth' id='element_avia_6_1'><label for=\"avia_6_1\">Acepto los <a href=\"https:\/\/beltranmenjars.cat\/es\/aviso-legal\/\" target=\"_blank\">t\u00e9rminos<\/a> y <a href=\"https:\/\/beltranmenjars.cat\/es\/politica-de-privacidad\/\" target=\"_blank\">condiciones<\/a><\/label> <input name=\"avia_6_1\" class=\"text_input \" type=\"text\" id=\"avia_6_1\" value=\"\" \/><\/p><p class=\"hidden\"><input type=\"text\" name=\"avia_7_1\" class=\"hidden \" id=\"avia_7_1\" value=\"\" \/><\/p><p class='   form_element form_fullwidth' id='element_avia_8_1'><span class='value_verifier_label'>0 + 4 = ?<\/span><input name=\"avia_8_1_verifier\" type=\"hidden\" id=\"avia_8_1_verifier\" value=\"888541184\"\/><label for=\"avia_8_1\">Para mayor seguridad, responde la siguiente pregunta <abbr class=\"required\" title=\"requerido\">*<\/abbr><\/label><input name=\"avia_8_1\" class=\"text_input captcha\" type=\"text\" id=\"avia_8_1\" value=\"\"\/><\/p><p class=\"form_element \"><input type=\"hidden\" value=\"1\" name=\"avia_generated_form1\" \/><input type=\"submit\" value=\"Enviar\" class=\"button\"  data-sending-label=\"Enviando\"\/><\/p><\/fieldset><\/form><div id=\"ajaxresponse_1\" class=\"ajaxresponse ajaxresponse_1 hidden\"><\/div><\/div>\n<style type=\"text\/css\" data-created_by=\"avia_inline_auto\" id=\"style-css-av-av_hr-6aa2a14a08b78d928e732ca1e63c4969\">\n#top .hr.hr-invisible.av-av_hr-6aa2a14a08b78d928e732ca1e63c4969{\nheight:30px;\n}\n<\/style>\n<div  class='hr av-av_hr-6aa2a14a08b78d928e732ca1e63c4969 hr-invisible  avia-builder-el-9  el_after_av_three_fifth  el_before_av_codeblock '><span class='hr-inner '><span class=\"hr-inner-style\"><\/span><\/span><\/div><\/p>\n\n","protected":false},"excerpt":{"rendered":"","protected":false},"author":1,"featured_media":0,"parent":0,"menu_order":800,"comment_status":"closed","ping_status":"closed","template":"","meta":[],"yoast_head":"<!-- This site is optimized with the Yoast SEO plugin v20.9 - https:\/\/yoast.com\/wordpress\/plugins\/seo\/ -->\n<title>Contacto - Beltran Menjars<\/title>\n<meta name=\"robots\" content=\"index, follow, max-snippet:-1, max-image-preview:large, max-video-preview:-1\" \/>\n<link rel=\"canonical\" href=\"https:\/\/beltranmenjars.cat\/es\/contacte\/\" \/>\n<meta name=\"twitter:label1\" content=\"Tiempo de lectura\" \/>\n\t<meta name=\"twitter:data1\" content=\"3 minutos\" \/>\n<script type=\"application\/ld+json\" class=\"yoast-schema-graph\">{\"@context\":\"https:\/\/schema.org\",\"@graph\":[{\"@type\":\"WebPage\",\"@id\":\"https:\/\/beltranmenjars.cat\/es\/contacte\/\",\"url\":\"https:\/\/beltranmenjars.cat\/es\/contacte\/\",\"name\":\"Contacto - Beltran Menjars\",\"isPartOf\":{\"@id\":\"https:\/\/beltranmenjars.cat\/#website\"},\"datePublished\":\"2023-03-16T14:34:06+00:00\",\"dateModified\":\"2023-03-16T14:54:38+00:00\",\"breadcrumb\":{\"@id\":\"https:\/\/beltranmenjars.cat\/es\/contacte\/#breadcrumb\"},\"inLanguage\":\"es\",\"potentialAction\":[{\"@type\":\"ReadAction\",\"target\":[\"https:\/\/beltranmenjars.cat\/es\/contacte\/\"]}]},{\"@type\":\"BreadcrumbList\",\"@id\":\"https:\/\/beltranmenjars.cat\/es\/contacte\/#breadcrumb\",\"itemListElement\":[{\"@type\":\"ListItem\",\"position\":1,\"name\":\"Portada\",\"item\":\"https:\/\/beltranmenjars.cat\/es\/inici\/\"},{\"@type\":\"ListItem\",\"position\":2,\"name\":\"Contacto\"}]},{\"@type\":\"WebSite\",\"@id\":\"https:\/\/beltranmenjars.cat\/#website\",\"url\":\"https:\/\/beltranmenjars.cat\/\",\"name\":\"Beltran Menjars\",\"description\":\"Beltran Menjars\",\"potentialAction\":[{\"@type\":\"SearchAction\",\"target\":{\"@type\":\"EntryPoint\",\"urlTemplate\":\"https:\/\/beltranmenjars.cat\/?s={search_term_string}\"},\"query-input\":\"required name=search_term_string\"}],\"inLanguage\":\"es\"}]}<\/script>\n<!-- \/ Yoast SEO plugin. -->","yoast_head_json":{"title":"Contacto - Beltran Menjars","robots":{"index":"index","follow":"follow","max-snippet":"max-snippet:-1","max-image-preview":"max-image-preview:large","max-video-preview":"max-video-preview:-1"},"canonical":"https:\/\/beltranmenjars.cat\/es\/contacte\/","twitter_misc":{"Tiempo de lectura":"3 minutos"},"schema":{"@context":"https:\/\/schema.org","@graph":[{"@type":"WebPage","@id":"https:\/\/beltranmenjars.cat\/es\/contacte\/","url":"https:\/\/beltranmenjars.cat\/es\/contacte\/","name":"Contacto - Beltran Menjars","isPartOf":{"@id":"https:\/\/beltranmenjars.cat\/#website"},"datePublished":"2023-03-16T14:34:06+00:00","dateModified":"2023-03-16T14:54:38+00:00","breadcrumb":{"@id":"https:\/\/beltranmenjars.cat\/es\/contacte\/#breadcrumb"},"inLanguage":"es","potentialAction":[{"@type":"ReadAction","target":["https:\/\/beltranmenjars.cat\/es\/contacte\/"]}]},{"@type":"BreadcrumbList","@id":"https:\/\/beltranmenjars.cat\/es\/contacte\/#breadcrumb","itemListElement":[{"@type":"ListItem","position":1,"name":"Portada","item":"https:\/\/beltranmenjars.cat\/es\/inici\/"},{"@type":"ListItem","position":2,"name":"Contacto"}]},{"@type":"WebSite","@id":"https:\/\/beltranmenjars.cat\/#website","url":"https:\/\/beltranmenjars.cat\/","name":"Beltran Menjars","description":"Beltran Menjars","potentialAction":[{"@type":"SearchAction","target":{"@type":"EntryPoint","urlTemplate":"https:\/\/beltranmenjars.cat\/?s={search_term_string}"},"query-input":"required name=search_term_string"}],"inLanguage":"es"}]}},"_links":{"self":[{"href":"https:\/\/beltranmenjars.cat\/es\/wp-json\/wp\/v2\/pages\/8248"}],"collection":[{"href":"https:\/\/beltranmenjars.cat\/es\/wp-json\/wp\/v2\/pages"}],"about":[{"href":"https:\/\/beltranmenjars.cat\/es\/wp-json\/wp\/v2\/types\/page"}],"author":[{"embeddable":true,"href":"https:\/\/beltranmenjars.cat\/es\/wp-json\/wp\/v2\/users\/1"}],"replies":[{"embeddable":true,"href":"https:\/\/beltranmenjars.cat\/es\/wp-json\/wp\/v2\/comments?post=8248"}],"version-history":[{"count":10,"href":"https:\/\/beltranmenjars.cat\/es\/wp-json\/wp\/v2\/pages\/8248\/revisions"}],"predecessor-version":[{"id":8282,"href":"https:\/\/beltranmenjars.cat\/es\/wp-json\/wp\/v2\/pages\/8248\/revisions\/8282"}],"wp:attachment":[{"href":"https:\/\/beltranmenjars.cat\/es\/wp-json\/wp\/v2\/media?parent=8248"}],"curies":[{"name":"wp","href":"https:\/\/api.w.org\/{rel}","templated":true}]}}